{"id":10,"date":"2024-12-13T23:00:35","date_gmt":"2024-12-13T23:00:35","guid":{"rendered":"https:\/\/www.scaliax.com\/?page_id=10"},"modified":"2024-12-23T23:45:07","modified_gmt":"2024-12-23T23:45:07","slug":"10-2","status":"publish","type":"page","link":"https:\/\/www.scaliax.com\/","title":{"rendered":"Startseite"},"content":{"rendered":"\n<div class=\"wp-block-cover alignfull\" style=\"min-height:603px;aspect-ratio:unset;\"><span aria-hidden=\"true\" class=\"wp-block-cover__background has-background-dim\"><\/span><video class=\"wp-block-cover__video-background intrinsic-ignore\" autoplay muted loop playsinline src=\"https:\/\/www.scaliax.com\/wp-content\/uploads\/2024\/12\/12421437_1920_1080_30fps.mp4\" data-object-fit=\"cover\"><\/video><div class=\"wp-block-cover__inner-container is-layout-flow wp-block-cover-is-layout-flow\">\n<div class=\"wp-block-group is-layout-constrained wp-block-group-is-layout-constrained\">\n<div data-aos= \"fade-up\" data-aos-duration=\"400\" data-aos-delay=\"0\" data-aos-easing=\"ease\" data-aos-once=\"true\" class=\"wp-block-uagb-info-box uagb-block-73887c0e uagb-infobox__content-wrap  uagb-infobox-icon-above-title uagb-infobox-image-valign-top\"><div class=\"uagb-ifb-content\"><div class=\"uagb-ifb-title-wrap\"><h5 class=\"uagb-ifb-title-prefix\">Ihre IT. Unser Fokus.<\/h5><h2 class=\"uagb-ifb-title\">Scaliax \u2013 Ihr Spezialist f\u00fcr Cloud und IT-Infrastruktur<\/h2><\/div><p class=\"uagb-ifb-desc\">Maximale Effizienz, minimaler Aufwand und zukunftssichere IT \u2013 sparen Sie Zeit, senken Sie Kosten und steigern Sie Ihre Wettbewerbsf\u00e4higkeit mit individuell angepassten IT-L\u00f6sungen.<br><br><\/p><div class=\"uagb-ifb-button-wrapper wp-block-button\"><a href=\"#\" class=\"uagb-infobox-cta-link wp-block-button__link\" target=\"_self\" rel=\"noopener noreferrer\" onclick=\"return false;\"><span class=\"uagb-inline-editing\">Jetzt kostenloses Erstgespr\u00e4ch sichern<\/span><\/a><\/div><\/div><\/div>\n<\/div>\n<\/div><\/div>\n\n\n\n<div class=\"wp-block-uagb-container uagb-layout-grid uagb-block-ad93a5cc alignfull uagb-is-root-container\"><div class=\"uagb-container-inner-blocks-wrap\">\n<div class=\"wp-block-uagb-info-box uagb-block-dc9315c9 uagb-infobox__content-wrap  uagb-infobox-icon-above-title uagb-infobox-image-valign-top\"><div class=\"uagb-ifb-content\"><div class=\"uagb-ifb-title-wrap\"><h5 class=\"uagb-ifb-title-prefix\"><br>Kompetenzen\u200b<\/h5><h2 class=\"uagb-ifb-title\">Gemeinsam Zukunft gestalten<\/h2><\/div><div class=\"uagb-ifb-separator\"><\/div><\/div><\/div>\n\n\n\n<div class=\"wp-block-uagb-buttons uagb-buttons__outer-wrap uagb-btn__default-btn uagb-btn-tablet__default-btn uagb-btn-mobile__default-btn uagb-block-2166bfbd\"><div class=\"uagb-buttons__wrap uagb-buttons-layout-wrap \"><\/div><\/div>\n<\/div><\/div>\n\n\n\n<div class=\"wp-block-uagb-container uagb-layout-grid uagb-block-fe8556e9 alignfull uagb-is-root-container\"><div class=\"uagb-container-inner-blocks-wrap\">\n<div class=\"wp-block-uagb-info-box uagb-block-fc4099f4 uagb-infobox__content-wrap  uagb-infobox-icon-above-title uagb-infobox-image-valign-top\"><div class=\"uagb-ifb-content\"><div class=\"uagb-ifb-title-wrap\"><h6 class=\"uagb-ifb-title-prefix\">01.<\/h6><h4 class=\"uagb-ifb-title\">Managementberatung<\/h4><\/div><p class=\"uagb-ifb-desc\">Wir analysieren Ihre aktuelle Situation und entwickeln eine zukunftssichere IT-Strategie. Als Partner begleiten wir Sie vom Erstgespr\u00e4ch bis zur Implementierung und dar\u00fcber hinaus.<br><\/p><div class=\"uagb-ifb-button-wrapper wp-block-button\"><a href=\"#\" class=\"uagb-infobox-cta-link wp-block-button__link\" target=\"_self\" rel=\"noopener noreferrer\" onclick=\"return false;\"><span class=\"uagb-inline-editing\"><\/span><\/a><\/div><\/div><\/div>\n\n\n\n<div class=\"wp-block-uagb-info-box uagb-block-5ba15acd uagb-infobox__content-wrap  uagb-infobox-icon-above-title uagb-infobox-image-valign-top\"><div class=\"uagb-ifb-content\"><div class=\"uagb-ifb-title-wrap\"><h6 class=\"uagb-ifb-title-prefix\">02.<\/h6><h4 class=\"uagb-ifb-title\">Cloud Solutions<\/h4><\/div><p class=\"uagb-ifb-desc\">Skalieren Sie IT-Vorhaben ohne hohe Hardware-Investitionen. Mit neuesten Technologien erm\u00f6glichen wir Ihnen flexibles und sicheres Wachstum bei minimalen Kosten.<\/p><div class=\"uagb-ifb-button-wrapper wp-block-button\"><a href=\"#\" class=\"uagb-infobox-cta-link wp-block-button__link\" target=\"_self\" rel=\"noopener noreferrer\" onclick=\"return false;\"><span class=\"uagb-inline-editing\"><\/span><\/a><\/div><\/div><\/div>\n\n\n\n<div class=\"wp-block-uagb-info-box uagb-block-d208884e uagb-infobox__content-wrap  uagb-infobox-icon-above-title uagb-infobox-image-valign-top\"><div class=\"uagb-ifb-content\"><div class=\"uagb-ifb-title-wrap\"><h6 class=\"uagb-ifb-title-prefix\">03.<\/h6><h4 class=\"uagb-ifb-title\">Enterprise Services<\/h4><\/div><p class=\"uagb-ifb-desc\">Ob \u00c4nderungen an der IT-Infrastruktur, Networking-L\u00f6sungen oder Cybersecurity \u2013 wir bieten eine breite Palette an flexiblen Services, die auf Ihre Bed\u00fcrfnisse abgestimmt sind.<\/p><div class=\"uagb-ifb-button-wrapper wp-block-button\"><a href=\"#\" class=\"uagb-infobox-cta-link wp-block-button__link\" target=\"_self\" rel=\"noopener noreferrer\" onclick=\"return false;\"><span class=\"uagb-inline-editing\"><\/span><\/a><\/div><\/div><\/div>\n<\/div><\/div>\n\n\n\n<div class=\"wp-block-uagb-buttons uagb-buttons__outer-wrap uagb-btn__medium-btn uagb-btn-tablet__default-btn uagb-btn-mobile__default-btn uagb-block-5ada8c14\"><div class=\"uagb-buttons__wrap uagb-buttons-layout-wrap \">\n<div class=\"wp-block-uagb-buttons-child uagb-buttons__outer-wrap uagb-block-91cdec10 wp-block-button\"><div class=\"uagb-button__wrapper\"><a class=\"uagb-buttons-repeater wp-block-button__link\" aria-label=\"\" href=\"#\" rel=\"follow noopener\" target=\"_self\" role=\"button\"><div class=\"uagb-button__link\">Erfahren Sie mehr \u00fcber unsere Leistungen<\/div><\/a><\/div><\/div>\n<\/div><\/div>\n\n\n\n<div class=\"wp-block-uagb-container uagb-layout-grid uagb-block-598f553b alignfull uagb-is-root-container\"><div class=\"uagb-container-inner-blocks-wrap\">\n<div class=\"wp-block-uagb-container uagb-block-47274cb8\">\n<div class=\"wp-block-uagb-info-box uagb-block-3a4f7815 uagb-infobox__content-wrap  uagb-infobox-icon-above-title uagb-infobox-image-valign-top\"><div class=\"uagb-ifb-content\"><div class=\"uagb-ifb-title-wrap\"><h5 class=\"uagb-ifb-title-prefix\">Wer sind wir und&#8230;\u200b<\/h5><h2 class=\"uagb-ifb-title\">Warum sind wir der richtige Partner f\u00fcr Ihre IT?<\/h2><\/div><p class=\"uagb-ifb-desc\">Bei <strong>Scaliax<\/strong> vereinen wir jahrzehntelange Erfahrung in den Bereichen IT-Infrastruktur, Cloud Computing und Consulting. Unser Team besteht aus Experten, die in f\u00fchrenden deutschen DAX-Unternehmen, b\u00f6rsennotierten US-Konzernen und namhaften Beratungsfirmen t\u00e4tig waren. Wir verstehen die Herausforderungen, denen Unternehmen in der heutigen, dynamischen IT-Landschaft gegen\u00fcberstehen. Unsere Mission ist es, Ihre IT-Probleme in Chancen zu verwandeln. Dabei setzen wir auf modernste Technologien und unsere bew\u00e4hrte Expertise.<\/p><\/div><\/div>\n\n\n\n<div class=\"wp-block-uagb-info-box uagb-block-75117fa9 uagb-infobox__content-wrap  uagb-infobox-icon-above-title uagb-infobox-image-valign-top wp-block-uagb-info-box--has-margin\"><div class=\"uagb-infobox-margin-wrapper\"><div class=\"uagb-ifb-content\"><div class=\"uagb-ifb-title-wrap\"><\/div><p class=\"uagb-ifb-desc\">Was uns auszeichnet:<br><strong>Individuelle Beratung<\/strong> | <strong>Kompetente Umsetzung<\/strong> | <strong>Volle Transparenz<\/strong><br><br>Lassen Sie uns gemeinsam Ihre IT-Ziele erreichen. Vereinbaren Sie jetzt ein unverbindliches Kennenlerngespr\u00e4ch und erfahren Sie, wie Scaliax Ihr Unternehmen voranbringen kann.<\/p><div class=\"uagb-ifb-button-wrapper wp-block-button\"><a href=\"#\" class=\"uagb-infobox-cta-link wp-block-button__link\" target=\"_self\" rel=\"noopener noreferrer\" onclick=\"return false;\"><span class=\"uagb-inline-editing\">Kennenlerngespr\u00e4ch vereinbaren<\/span><\/a><\/div><\/div><\/div><\/div>\n<\/div>\n\n\n\n<figure class=\"wp-block-image aligncenter size-large is-resized is-style-rounded\"><img loading=\"lazy\" decoding=\"async\" width=\"845\" height=\"845\" src=\"https:\/\/www.scaliax.com\/wp-content\/uploads\/2024\/12\/hand-shake-1-edited.webp\" alt=\"\" class=\"wp-image-154\" style=\"width:560px;height:auto\" srcset=\"https:\/\/www.scaliax.com\/wp-content\/uploads\/2024\/12\/hand-shake-1-edited.webp 845w, https:\/\/www.scaliax.com\/wp-content\/uploads\/2024\/12\/hand-shake-1-edited-300x300.webp 300w, https:\/\/www.scaliax.com\/wp-content\/uploads\/2024\/12\/hand-shake-1-edited-150x150.webp 150w, https:\/\/www.scaliax.com\/wp-content\/uploads\/2024\/12\/hand-shake-1-edited-768x768.webp 768w\" sizes=\"auto, (max-width: 845px) 100vw, 845px\" \/><\/figure>\n<\/div><\/div>\n\n\n\n<div class=\"wp-block-uagb-container uagb-block-efcf1d91 alignfull uagb-is-root-container\"><div class=\"uagb-container-inner-blocks-wrap\">\n<div class=\"wp-block-uagb-info-box uagb-block-6bca7caf uagb-infobox__content-wrap  uagb-infobox-icon-above-title uagb-infobox-image-valign-top\"><div class=\"uagb-ifb-content\"><div class=\"uagb-ifb-title-wrap\"><h5 class=\"uagb-ifb-title-prefix\">This Is Why\u200b<\/h5><h2 class=\"uagb-ifb-title\">You Should Choose Us\u200b<\/h2><\/div><div class=\"uagb-ifb-separator\"><\/div><\/div><\/div>\n\n\n\n<div class=\"wp-block-uagb-container uagb-block-e3d5d198\">\n<div class=\"wp-block-uagb-info-box uagb-block-d27ae4b4 uagb-infobox__content-wrap  uagb-infobox-icon-left uagb-infobox-left uagb-infobox-stacked-mobile uagb-infobox-image-valign-top\"><div class=\"uagb-ifb-icon-wrap\"><div class=\"uagb-iconbox-icon-wrap uagb-infobox-shape-circle\"><svg xmlns=\"https:\/\/www.w3.org\/2000\/svg\" viewBox=\"0 0 512 512\"><path d=\"M512 165.4c0 127.9-70.05 235.3-175.3 270.1c-20.04 7.938-41.83 12.46-64.69 12.46c-64.9 0-125.2-36.51-155.7-94.47c-54.13 49.93-68.71 107-68.96 108.1C44.72 472.6 34.87 480 24.02 480c-1.844 0-3.727-.2187-5.602-.6562c-12.89-3.098-20.84-16.08-17.75-28.96c9.598-39.5 90.47-226.4 335.3-226.4C344.8 224 352 216.8 352 208S344.8 192 336 192C228.6 192 151 226.6 96.29 267.6c.1934-10.82 1.242-21.84 3.535-33.05c13.47-65.81 66.04-119 131.4-134.2c28.33-6.562 55.68-6.013 80.93-.0054c56 13.32 118.2-7.412 149.3-61.24c5.664-9.828 20.02-9.516 24.66 .8282C502.7 76.76 512 121.9 512 165.4z\"><\/path><\/svg><\/div><\/div><div class=\"uagb-ifb-content\"><div class=\"uagb-ifb-title-wrap\"><h4 class=\"uagb-ifb-title\">Certified Experts\u200b<\/h4><\/div><p class=\"uagb-ifb-desc\">Click edit button to change this text. Lorem ipsum dolor sit amet, auctor aliquet aenean sollicitudin.\u200b<\/p><\/div><\/div>\n\n\n\n<div class=\"wp-block-uagb-info-box uagb-block-9ac5bbe3 uagb-infobox__content-wrap  uagb-infobox-icon-left uagb-infobox-left uagb-infobox-stacked-mobile uagb-infobox-image-valign-top\"><div class=\"uagb-ifb-icon-wrap\"><div class=\"uagb-iconbox-icon-wrap uagb-infobox-shape-circle\"><svg xmlns=\"https:\/\/www.w3.org\/2000\/svg\" viewBox=\"0 0 512 512\"><path d=\"M256 53.46L300.1 7.261C307 1.034 315.1-1.431 324.4 .8185C332.8 3.068 339.3 9.679 341.4 18.1L357.3 80.6L419.3 63.07C427.7 60.71 436.7 63.05 442.8 69.19C448.1 75.34 451.3 84.33 448.9 92.69L431.4 154.7L493.9 170.6C502.3 172.7 508.9 179.2 511.2 187.6C513.4 196 510.1 204.1 504.7 211L458.5 256L504.7 300.1C510.1 307 513.4 315.1 511.2 324.4C508.9 332.8 502.3 339.3 493.9 341.4L431.4 357.3L448.9 419.3C451.3 427.7 448.1 436.7 442.8 442.8C436.7 448.1 427.7 451.3 419.3 448.9L357.3 431.4L341.4 493.9C339.3 502.3 332.8 508.9 324.4 511.2C315.1 513.4 307 510.1 300.1 504.7L256 458.5L211 504.7C204.1 510.1 196 513.4 187.6 511.2C179.2 508.9 172.7 502.3 170.6 493.9L154.7 431.4L92.69 448.9C84.33 451.3 75.34 448.1 69.19 442.8C63.05 436.7 60.71 427.7 63.07 419.3L80.6 357.3L18.1 341.4C9.679 339.3 3.068 332.8 .8186 324.4C-1.431 315.1 1.034 307 7.261 300.1L53.46 256L7.261 211C1.034 204.1-1.431 196 .8186 187.6C3.068 179.2 9.679 172.7 18.1 170.6L80.6 154.7L63.07 92.69C60.71 84.33 63.05 75.34 69.19 69.19C75.34 63.05 84.33 60.71 92.69 63.07L154.7 80.6L170.6 18.1C172.7 9.679 179.2 3.068 187.6 .8185C196-1.431 204.1 1.034 211 7.261L256 53.46z\"><\/path><\/svg><\/div><\/div><div class=\"uagb-ifb-content\"><div class=\"uagb-ifb-title-wrap\"><h4 class=\"uagb-ifb-title\">Quality Services\u200b<\/h4><\/div><p class=\"uagb-ifb-desc\">Click edit button to change this text. Lorem ipsum dolor sit amet, auctor aliquet aenean sollicitudin.\u200b<\/p><\/div><\/div>\n\n\n\n<div class=\"wp-block-uagb-info-box uagb-block-39d11a2e uagb-infobox__content-wrap  uagb-infobox-icon-left uagb-infobox-left uagb-infobox-stacked-mobile uagb-infobox-image-valign-top\"><div class=\"uagb-ifb-icon-wrap\"><div class=\"uagb-iconbox-icon-wrap uagb-infobox-shape-circle\"><svg xmlns=\"https:\/\/www.w3.org\/2000\/svg\" viewBox=\"0 0 512 512\"><path d=\"M448 32C465.7 32 480 46.33 480 64C480 81.67 465.7 96 448 96H80C71.16 96 64 103.2 64 112C64 120.8 71.16 128 80 128H448C483.3 128 512 156.7 512 192V416C512 451.3 483.3 480 448 480H64C28.65 480 0 451.3 0 416V96C0 60.65 28.65 32 64 32H448zM416 336C433.7 336 448 321.7 448 304C448 286.3 433.7 272 416 272C398.3 272 384 286.3 384 304C384 321.7 398.3 336 416 336z\"><\/path><\/svg><\/div><\/div><div class=\"uagb-ifb-content\"><div class=\"uagb-ifb-title-wrap\"><h4 class=\"uagb-ifb-title\">Affordable Pricing\u200b<\/h4><\/div><p class=\"uagb-ifb-desc\">Click edit button to change this text. Lorem ipsum dolor sit amet, auctor aliquet aenean sollicitudin.\u200b<\/p><\/div><\/div>\n<\/div>\n\n\n\n<div class=\"wp-block-uagb-container uagb-block-367d15b0\">\n<div class=\"wp-block-uagb-info-box uagb-block-a3c16499 uagb-infobox__content-wrap  uagb-infobox-icon-above-title uagb-infobox-image-valign-top\"><div class=\"uagb-ifb-content\"><div class=\"uagb-ifb-icon-wrap\"><div class=\"uagb-iconbox-icon-wrap uagb-infobox-shape-circle\"><svg xmlns=\"https:\/\/www.w3.org\/2000\/svg\" viewBox=\"0 0 384 512\"><path d=\"M361 215C375.3 223.8 384 239.3 384 256C384 272.7 375.3 288.2 361 296.1L73.03 472.1C58.21 482 39.66 482.4 24.52 473.9C9.377 465.4 0 449.4 0 432V80C0 62.64 9.377 46.63 24.52 38.13C39.66 29.64 58.21 29.99 73.03 39.04L361 215z\"><\/path><\/svg><\/div><\/div><div class=\"uagb-ifb-title-wrap\"><h2 class=\"uagb-ifb-title\">14+ Years Of Experience In Gardening &amp; Landscaping\u200b<\/h2><\/div><p class=\"uagb-ifb-desc\">Lorem ipsum dolor sit amet, consectetur adipiscing elit. Ut elit tellus, luctus nec ullamcorper mattis, pulvinar dapibus leo.<\/p><\/div><\/div>\n<\/div>\n<\/div><\/div>\n\n\n\n<div class=\"wp-block-uagb-container uagb-block-a059e5e2 alignfull uagb-is-root-container\"><div class=\"uagb-container-inner-blocks-wrap\">\n<div class=\"wp-block-uagb-container uagb-block-4dafd7cf\">\n<div class=\"wp-block-uagb-info-box uagb-block-65f98fc1 uagb-infobox__content-wrap  uagb-infobox-icon-above-title uagb-infobox-image-valign-top\"><div class=\"uagb-ifb-content\"><div class=\"uagb-ifb-title-wrap\"><h5 class=\"uagb-ifb-title-prefix\">Some Of Our\u200b<\/h5><h2 class=\"uagb-ifb-title\">Recent Projects\u200b<\/h2><\/div><div class=\"uagb-ifb-separator\"><\/div><\/div><\/div>\n\n\n\n<div class=\"wp-block-uagb-info-box uagb-block-b3e6c6e0 uagb-infobox__content-wrap  uagb-infobox-icon-above-title uagb-infobox-image-valign-top\"><div class=\"uagb-ifb-content\"><div class=\"uagb-ifb-title-wrap\"><\/div><p class=\"uagb-ifb-desc\">Click edit button to change this text. Lorem ipsum dolor sit amet, consectetur adipiscing elit. Ut elit tellus, luctus nec ullamcorper mattis, pulvinar dapibus leo.<\/p><div class=\"uagb-ifb-button-wrapper wp-block-button\"><a href=\"#\" target=\"_self\" onclick=\"return false;\" class=\"uagb-infobox-cta-link\" rel=\"noopener noreferrer\"><span class=\"uagb-inline-editing\">View all Projects<\/span><svg xmlns=\"https:\/\/www.w3.org\/2000\/svg\" viewBox=\"0 0 512 512\"><path d=\"M502.6 278.6l-128 128c-12.51 12.51-32.76 12.49-45.25 0c-12.5-12.5-12.5-32.75 0-45.25L402.8 288H32C14.31 288 0 273.7 0 255.1S14.31 224 32 224h370.8l-73.38-73.38c-12.5-12.5-12.5-32.75 0-45.25s32.75-12.5 45.25 0l128 128C515.1 245.9 515.1 266.1 502.6 278.6z\"><\/path><\/svg><\/a><\/div><\/div><\/div>\n<\/div>\n\n\n\n<div class=\"wp-block-uagb-container uagb-block-df241c86\">\n<div class=\"wp-block-uagb-image uagb-block-31cc9b1e wp-block-uagb-image--layout-default wp-block-uagb-image--effect-static wp-block-uagb-image--align-none\"><figure class=\"wp-block-uagb-image__figure\"><img decoding=\"async\" srcset=\"https:\/\/www.scaliax.com\/wp-content\/uploads\/2024\/12\/projects-02.jpg \" sizes=\"auto, (max-width: 480px) 150px\" src=\"https:\/\/www.scaliax.com\/wp-content\/uploads\/2024\/12\/projects-02.jpg\" alt=\"\" class=\"uag-image-51\" width=\"390\" height=\"274\" title=\"\" loading=\"lazy\" role=\"img\"\/><\/figure><\/div>\n\n\n\n<div class=\"wp-block-uagb-image uagb-block-d029cd49 wp-block-uagb-image--layout-default wp-block-uagb-image--effect-static wp-block-uagb-image--align-none\"><figure class=\"wp-block-uagb-image__figure\"><img decoding=\"async\" srcset=\"https:\/\/www.scaliax.com\/wp-content\/uploads\/2024\/12\/projects-03.jpg \" sizes=\"auto, (max-width: 480px) 150px\" src=\"https:\/\/www.scaliax.com\/wp-content\/uploads\/2024\/12\/projects-03.jpg\" alt=\"\" class=\"uag-image-4\" width=\"390\" height=\"274\" title=\"\" loading=\"lazy\" role=\"img\"\/><\/figure><\/div>\n\n\n\n<div class=\"wp-block-uagb-image uagb-block-48e37ba2 wp-block-uagb-image--layout-default wp-block-uagb-image--effect-static wp-block-uagb-image--align-none\"><figure class=\"wp-block-uagb-image__figure\"><img decoding=\"async\" srcset=\"https:\/\/www.scaliax.com\/wp-content\/uploads\/2024\/12\/projects-04.jpg \" sizes=\"auto, (max-width: 480px) 150px\" src=\"https:\/\/www.scaliax.com\/wp-content\/uploads\/2024\/12\/projects-04.jpg\" alt=\"\" class=\"uag-image-5\" width=\"390\" height=\"274\" title=\"\" loading=\"lazy\" role=\"img\"\/><\/figure><\/div>\n<\/div>\n<\/div><\/div>\n\n\n\n<div class=\"wp-block-uagb-container uagb-block-5e9920a9 alignfull uagb-is-root-container\"><div class=\"uagb-container-inner-blocks-wrap\">\n<div class=\"wp-block-uagb-info-box uagb-block-dd0fce3e uagb-infobox__content-wrap  uagb-infobox-icon-above-title uagb-infobox-image-valign-top\"><div class=\"uagb-ifb-content\"><div class=\"uagb-ifb-image-content\"><img decoding=\"async\" src=\"https:\/\/www.scaliax.com\/wp-content\/uploads\/2024\/12\/potted-plant-1-1.png\" alt=\"\" width=\"135\" height=\"133\" loading=\"lazy\"\/><\/div><div class=\"uagb-ifb-title-wrap\"><h5 class=\"uagb-ifb-title-prefix\">Give Us A Call At\u200b<\/h5><h2 class=\"uagb-ifb-title\">+1 910-626-85255\u200b<\/h2><\/div><div class=\"uagb-ifb-separator\"><\/div><\/div><\/div>\n\n\n\n<div class=\"wp-block-uagb-advanced-heading uagb-block-fbf7d60b\"><h5 class=\"uagb-heading-text\">Or Get a Free Estimate<\/h5><\/div>\n\n\n\n<div class=\"wp-block-uagb-buttons uagb-buttons__outer-wrap uagb-btn__default-btn uagb-btn-tablet__default-btn uagb-btn-mobile__default-btn uagb-block-2fb13c8c\"><div class=\"uagb-buttons__wrap uagb-buttons-layout-wrap \">\n<div class=\"wp-block-uagb-buttons-child uagb-buttons__outer-wrap uagb-block-3cbe9a7f wp-block-button\"><div class=\"uagb-button__wrapper\"><a class=\"uagb-buttons-repeater wp-block-button__link\" aria-label=\"\" href=\"#\" rel=\"follow noopener\" target=\"_self\" role=\"button\"><div class=\"uagb-button__link\">Contact Us Today<\/div><\/a><\/div><\/div>\n<\/div><\/div>\n<\/div><\/div>\n","protected":false},"excerpt":{"rendered":"<p>Or Get a Free Estimate<\/p>\n","protected":false},"author":1,"featured_media":0,"parent":0,"menu_order":0,"comment_status":"closed","ping_status":"closed","template":"","meta":{"inline_featured_image":false,"_uag_custom_page_level_css":"","site-sidebar-layout":"default","site-content-layout":"","ast-site-content-layout":"default","site-content-style":"default","site-sidebar-style":"default","ast-global-header-display":"","ast-banner-title-visibility":"","ast-main-header-display":"","ast-hfb-above-header-display":"","ast-hfb-below-header-display":"","ast-hfb-mobile-header-display":"","site-post-title":"disabled","ast-breadcrumbs-content":"","ast-featured-img":"","footer-sml-layout":"","ast-disable-related-posts":"","theme-transparent-header-meta":"","adv-header-id-meta":"","stick-header-meta":"","header-above-stick-meta":"","header-main-stick-meta":"","header-below-stick-meta":"","astra-migrate-meta-layouts":"default","ast-page-background-enabled":"default","ast-page-background-meta":{"desktop":{"background-color":"var(--ast-global-color-4)","background-image":"","background-repeat":"repeat","background-position":"center center","background-size":"auto","background-attachment":"scroll","background-type":"","background-media":"","overlay-type":"","overlay-color":"","overlay-opacity":"","overlay-gradient":""},"tablet":{"background-color":"","background-image":"","background-repeat":"repeat","background-position":"center center","background-size":"auto","background-attachment":"scroll","background-type":"","background-media":"","overlay-type":"","overlay-color":"","overlay-opacity":"","overlay-gradient":""},"mobile":{"background-color":"","background-image":"","background-repeat":"repeat","background-position":"center center","background-size":"auto","background-attachment":"scroll","background-type":"","background-media":"","overlay-type":"","overlay-color":"","overlay-opacity":"","overlay-gradient":""}},"ast-content-background-meta":{"desktop":{"background-color":"var(--ast-global-color-5)","background-image":"","background-repeat":"repeat","background-position":"center center","background-size":"auto","background-attachment":"scroll","background-type":"","background-media":"","overlay-type":"","overlay-color":"","overlay-opacity":"","overlay-gradient":""},"tablet":{"background-color":"var(--ast-global-color-5)","background-image":"","background-repeat":"repeat","background-position":"center center","background-size":"auto","background-attachment":"scroll","background-type":"","background-media":"","overlay-type":"","overlay-color":"","overlay-opacity":"","overlay-gradient":""},"mobile":{"background-color":"var(--ast-global-color-5)","background-image":"","background-repeat":"repeat","background-position":"center center","background-size":"auto","background-attachment":"scroll","background-type":"","background-media":"","overlay-type":"","overlay-color":"","overlay-opacity":"","overlay-gradient":""}},"footnotes":""},"class_list":["post-10","page","type-page","status-publish","hentry"],"uagb_featured_image_src":{"full":false,"thumbnail":false,"medium":false,"medium_large":false,"large":false,"1536x1536":false,"2048x2048":false},"uagb_author_info":{"display_name":"siteadmin","author_link":"https:\/\/www.scaliax.com\/?author=1"},"uagb_comment_info":0,"uagb_excerpt":"Or Get a Free Estimate","_links":{"self":[{"href":"https:\/\/www.scaliax.com\/index.php?rest_route=\/wp\/v2\/pages\/10","targetHints":{"allow":["GET"]}}],"collection":[{"href":"https:\/\/www.scaliax.com\/index.php?rest_route=\/wp\/v2\/pages"}],"about":[{"href":"https:\/\/www.scaliax.com\/index.php?rest_route=\/wp\/v2\/types\/page"}],"author":[{"embeddable":true,"href":"https:\/\/www.scaliax.com\/index.php?rest_route=\/wp\/v2\/users\/1"}],"replies":[{"embeddable":true,"href":"https:\/\/www.scaliax.com\/index.php?rest_route=%2Fwp%2Fv2%2Fcomments&post=10"}],"version-history":[{"count":71,"href":"https:\/\/www.scaliax.com\/index.php?rest_route=\/wp\/v2\/pages\/10\/revisions"}],"predecessor-version":[{"id":155,"href":"https:\/\/www.scaliax.com\/index.php?rest_route=\/wp\/v2\/pages\/10\/revisions\/155"}],"wp:attachment":[{"href":"https:\/\/www.scaliax.com\/index.php?rest_route=%2Fwp%2Fv2%2Fmedia&parent=10"}],"curies":[{"name":"wp","href":"https:\/\/api.w.org\/{rel}","templated":true}]}}